{"id":274,"date":"2025-08-06T14:58:05","date_gmt":"2025-08-06T12:58:05","guid":{"rendered":"https:\/\/kfz-werkstatt.visible-web.de\/?page_id=274"},"modified":"2025-08-12T11:07:45","modified_gmt":"2025-08-12T09:07:45","slug":"angebote","status":"publish","type":"page","link":"https:\/\/kfz-werkstatt.visible-web.de\/?page_id=274","title":{"rendered":"Angebote"},"content":{"rendered":"\t\t<div data-elementor-type=\"wp-page\" data-elementor-id=\"274\" class=\"elementor elementor-274\" data-elementor-post-type=\"page\">\n\t\t\t\t<div class=\"elementor-element elementor-element-0c64dd8 e-flex e-con-boxed e-con e-parent\" data-id=\"0c64dd8\" data-element_type=\"container\" data-settings=\"{&quot;background_background&quot;:&quot;classic&quot;}\">\n\t\t\t\t\t<div class=\"e-con-inner\">\n\t\t\t\t<div class=\"elementor-element elementor-element-a414d10 elementor-widget elementor-widget-heading\" data-id=\"a414d10\" data-element_type=\"widget\" data-widget_type=\"heading.default\">\n\t\t\t\t\t<h2 class=\"elementor-heading-title elementor-size-default\">Aktuelle Angebote<\/h2>\t\t\t\t<\/div>\n\t\t\t\t\t<\/div>\n\t\t\t\t<\/div>\n\t\t<div class=\"elementor-element elementor-element-137419e e-flex e-con-boxed e-con e-parent\" data-id=\"137419e\" data-element_type=\"container\" data-settings=\"{&quot;background_background&quot;:&quot;classic&quot;}\">\n\t\t\t\t\t<div class=\"e-con-inner\">\n\t\t<div class=\"elementor-element elementor-element-7b3ccc9 e-con-full e-flex e-con e-child\" data-id=\"7b3ccc9\" data-element_type=\"container\">\n\t\t\t\t<div class=\"elementor-element elementor-element-b873266 elementor-widget elementor-widget-text-editor\" data-id=\"b873266\" data-element_type=\"widget\" data-widget_type=\"text-editor.default\">\n\t\t\t\t\t\t\t\t\t<p>Im Fr\u00fchjahr und im Herbst stecken wir an Ihrem Fahrzeug kosteng\u00fcnstig die Sommer- bzw. Winterreifen auf. <br \/>Um Ihnen den bestm\u00f6glichen Service bei der Einlagerung Ihrer Reifen anbieten zu k\u00f6nnen, wurde im Winter 2011\/Fr\u00fchjahr 2012 eine neue Lagerhalle mit speziellen Reifenregalen erbaut.<\/p><p><b>F\u00fcr das Umstecken und die Einlagerung der Reifen\u00a0<\/b><b>*1) werden <\/b><b>z.Zt. 45,00 \u20ac<\/b><b> (inkl. MwSt)\u00a0<\/b><b>pro Umsteckperiode berechnet.<\/b><\/p><p>Das Umstecken der Reifen und R\u00e4der wird\u00a0<b>mit 25,00 \u20ac (inkl. MwSt)\u00a0<\/b>berechnet.<br \/>Das Einlagern der Reifen und R\u00e4der wird\u00a0<b>mit 20,00 \u20ac (inkl. MwSt)\u00a0<\/b>berechnet.<\/p><p><em>*1) Der Preis gilt f\u00fcr Standard PKW, Preis f\u00fcr andere Fahrzeuge (Transporter, Wohnmobile, etc.) bitte erfragen<\/em><\/p><p>Sollte Ihr Fahrzeug neue Reifen ben\u00f6tigen und Sie w\u00fcnschen ein Angebot, steht Ihnen Frau Bernhauser gerne w\u00e4hrend der \u00d6ffnungszeiten zur Verf\u00fcgung.<\/p>\t\t\t\t\t\t\t\t<\/div>\n\t\t\t\t<div class=\"elementor-element elementor-element-bf5824c elementor-widget elementor-widget-button\" data-id=\"bf5824c\" data-element_type=\"widget\" data-widget_type=\"button.default\">\n\t\t\t\t\t\t\t\t\t\t<a class=\"elementor-button elementor-button-link elementor-size-sm\" href=\"https:\/\/kfz-werkstatt.visible-web.de\/#kontakt\">\n\t\t\t\t\t\t<span class=\"elementor-button-content-wrapper\">\n\t\t\t\t\t\t\t\t\t<span class=\"elementor-button-text\">Kontakt<\/span>\n\t\t\t\t\t<\/span>\n\t\t\t\t\t<\/a>\n\t\t\t\t\t\t\t\t<\/div>\n\t\t\t\t<\/div>\n\t\t<div class=\"elementor-element elementor-element-6a66d4d e-con-full e-flex e-con e-child\" data-id=\"6a66d4d\" data-element_type=\"container\">\n\t\t\t\t<div class=\"elementor-element elementor-element-06edd3a elementor-widget elementor-widget-image\" data-id=\"06edd3a\" data-element_type=\"widget\" data-widget_type=\"image.default\">\n\t\t\t\t\t\t\t\t\t\t\t\t\t\t\t<img fetchpriority=\"high\" decoding=\"async\" width=\"1024\" height=\"354\" src=\"https:\/\/kfz-werkstatt.visible-web.de\/wp-content\/uploads\/2025\/07\/startbild-banner-1024x354.jpg\" class=\"attachment-large size-large wp-image-51\" alt=\"\" srcset=\"https:\/\/kfz-werkstatt.visible-web.de\/wp-content\/uploads\/2025\/07\/startbild-banner-1024x354.jpg 1024w, https:\/\/kfz-werkstatt.visible-web.de\/wp-content\/uploads\/2025\/07\/startbild-banner-300x104.jpg 300w, https:\/\/kfz-werkstatt.visible-web.de\/wp-content\/uploads\/2025\/07\/startbild-banner-768x265.jpg 768w, https:\/\/kfz-werkstatt.visible-web.de\/wp-content\/uploads\/2025\/07\/startbild-banner-1536x530.jpg 1536w, https:\/\/kfz-werkstatt.visible-web.de\/wp-content\/uploads\/2025\/07\/startbild-banner.jpg 1920w\" sizes=\"(max-width: 1024px) 100vw, 1024px\" \/>\t\t\t\t\t\t\t\t\t\t\t\t\t\t\t<\/div>\n\t\t\t\t<\/div>\n\t\t\t\t\t<\/div>\n\t\t\t\t<\/div>\n\t\t\t\t<\/div>\n\t\t","protected":false},"excerpt":{"rendered":"<p>Aktuelle Angebote Im Fr\u00fchjahr und im Herbst stecken wir an Ihrem Fahrzeug kosteng\u00fcnstig die Sommer- bzw. Winterreifen auf. Um Ihnen den bestm\u00f6glichen Service bei der Einlagerung Ihrer Reifen anbieten zu k\u00f6nnen, wurde im Winter 2011\/Fr\u00fchjahr 2012 eine neue Lagerhalle mit speziellen Reifenregalen erbaut. F\u00fcr das Umstecken und die Einlagerung der Reifen\u00a0*1) werden z.Zt. 45,00 \u20ac [&hellip;]<\/p>\n","protected":false},"author":1,"featured_media":0,"parent":0,"menu_order":0,"comment_status":"closed","ping_status":"closed","template":"templates\/page-fullsize.php","meta":{"footnotes":""},"class_list":["post-274","page","type-page","status-publish","hentry"],"yoast_head":"<!-- This site is optimized with the Yoast SEO plugin v25.4 - https:\/\/yoast.com\/wordpress\/plugins\/seo\/ -->\n<title>Angebote - Kfz-Meisterbetrieb J\u00f6rg Pilarski<\/title>\n<meta name=\"robots\" content=\"noindex, follow, max-snippet:-1, max-image-preview:large, max-video-preview:-1\" \/>\n<meta property=\"og:locale\" content=\"de_DE\" \/>\n<meta property=\"og:type\" content=\"article\" \/>\n<meta property=\"og:title\" content=\"Angebote - Kfz-Meisterbetrieb J\u00f6rg Pilarski\" \/>\n<meta property=\"og:description\" content=\"Aktuelle Angebote Im Fr\u00fchjahr und im Herbst stecken wir an Ihrem Fahrzeug kosteng\u00fcnstig die Sommer- bzw. Winterreifen auf. Um Ihnen den bestm\u00f6glichen Service bei der Einlagerung Ihrer Reifen anbieten zu k\u00f6nnen, wurde im Winter 2011\/Fr\u00fchjahr 2012 eine neue Lagerhalle mit speziellen Reifenregalen erbaut. F\u00fcr das Umstecken und die Einlagerung der Reifen\u00a0*1) werden z.Zt. 45,00 \u20ac [&hellip;]\" \/>\n<meta property=\"og:url\" content=\"https:\/\/kfz-werkstatt.visible-web.de\/?page_id=274\" \/>\n<meta property=\"og:site_name\" content=\"Kfz-Meisterbetrieb J\u00f6rg Pilarski\" \/>\n<meta property=\"article:modified_time\" content=\"2025-08-12T09:07:45+00:00\" \/>\n<meta property=\"og:image\" content=\"https:\/\/kfz-werkstatt.visible-web.de\/wp-content\/uploads\/2025\/07\/startbild-banner.jpg\" \/>\n\t<meta property=\"og:image:width\" content=\"1920\" \/>\n\t<meta property=\"og:image:height\" content=\"663\" \/>\n\t<meta property=\"og:image:type\" content=\"image\/jpeg\" \/>\n<meta name=\"twitter:card\" content=\"summary_large_image\" \/>\n<meta name=\"twitter:label1\" content=\"Gesch\u00e4tzte Lesezeit\" \/>\n\t<meta name=\"twitter:data1\" content=\"1\u00a0Minute\" \/>\n<script type=\"application\/ld+json\" class=\"yoast-schema-graph\">{\"@context\":\"https:\/\/schema.org\",\"@graph\":[{\"@type\":\"WebPage\",\"@id\":\"https:\/\/kfz-werkstatt.visible-web.de\/?page_id=274\",\"url\":\"https:\/\/kfz-werkstatt.visible-web.de\/?page_id=274\",\"name\":\"Angebote - Kfz-Meisterbetrieb J\u00f6rg Pilarski\",\"isPartOf\":{\"@id\":\"https:\/\/kfz-werkstatt.visible-web.de\/#website\"},\"primaryImageOfPage\":{\"@id\":\"https:\/\/kfz-werkstatt.visible-web.de\/?page_id=274#primaryimage\"},\"image\":{\"@id\":\"https:\/\/kfz-werkstatt.visible-web.de\/?page_id=274#primaryimage\"},\"thumbnailUrl\":\"https:\/\/kfz-werkstatt.visible-web.de\/wp-content\/uploads\/2025\/07\/startbild-banner-1024x354.jpg\",\"datePublished\":\"2025-08-06T12:58:05+00:00\",\"dateModified\":\"2025-08-12T09:07:45+00:00\",\"breadcrumb\":{\"@id\":\"https:\/\/kfz-werkstatt.visible-web.de\/?page_id=274#breadcrumb\"},\"inLanguage\":\"de\",\"potentialAction\":[{\"@type\":\"ReadAction\",\"target\":[\"https:\/\/kfz-werkstatt.visible-web.de\/?page_id=274\"]}]},{\"@type\":\"ImageObject\",\"inLanguage\":\"de\",\"@id\":\"https:\/\/kfz-werkstatt.visible-web.de\/?page_id=274#primaryimage\",\"url\":\"https:\/\/kfz-werkstatt.visible-web.de\/wp-content\/uploads\/2025\/07\/startbild-banner.jpg\",\"contentUrl\":\"https:\/\/kfz-werkstatt.visible-web.de\/wp-content\/uploads\/2025\/07\/startbild-banner.jpg\",\"width\":1920,\"height\":663},{\"@type\":\"BreadcrumbList\",\"@id\":\"https:\/\/kfz-werkstatt.visible-web.de\/?page_id=274#breadcrumb\",\"itemListElement\":[{\"@type\":\"ListItem\",\"position\":1,\"name\":\"Startseite\",\"item\":\"https:\/\/kfz-werkstatt.visible-web.de\/\"},{\"@type\":\"ListItem\",\"position\":2,\"name\":\"Angebote\"}]},{\"@type\":\"WebSite\",\"@id\":\"https:\/\/kfz-werkstatt.visible-web.de\/#website\",\"url\":\"https:\/\/kfz-werkstatt.visible-web.de\/\",\"name\":\"Kfz-Meisterbetrieb J\u00f6rg Pilarski\",\"description\":\"\",\"potentialAction\":[{\"@type\":\"SearchAction\",\"target\":{\"@type\":\"EntryPoint\",\"urlTemplate\":\"https:\/\/kfz-werkstatt.visible-web.de\/?s={search_term_string}\"},\"query-input\":{\"@type\":\"PropertyValueSpecification\",\"valueRequired\":true,\"valueName\":\"search_term_string\"}}],\"inLanguage\":\"de\"}]}<\/script>\n<!-- \/ Yoast SEO plugin. -->","yoast_head_json":{"title":"Angebote - Kfz-Meisterbetrieb J\u00f6rg Pilarski","robots":{"index":"noindex","follow":"follow","max-snippet":"max-snippet:-1","max-image-preview":"max-image-preview:large","max-video-preview":"max-video-preview:-1"},"og_locale":"de_DE","og_type":"article","og_title":"Angebote - Kfz-Meisterbetrieb J\u00f6rg Pilarski","og_description":"Aktuelle Angebote Im Fr\u00fchjahr und im Herbst stecken wir an Ihrem Fahrzeug kosteng\u00fcnstig die Sommer- bzw. Winterreifen auf. Um Ihnen den bestm\u00f6glichen Service bei der Einlagerung Ihrer Reifen anbieten zu k\u00f6nnen, wurde im Winter 2011\/Fr\u00fchjahr 2012 eine neue Lagerhalle mit speziellen Reifenregalen erbaut. F\u00fcr das Umstecken und die Einlagerung der Reifen\u00a0*1) werden z.Zt. 45,00 \u20ac [&hellip;]","og_url":"https:\/\/kfz-werkstatt.visible-web.de\/?page_id=274","og_site_name":"Kfz-Meisterbetrieb J\u00f6rg Pilarski","article_modified_time":"2025-08-12T09:07:45+00:00","og_image":[{"width":1920,"height":663,"url":"https:\/\/kfz-werkstatt.visible-web.de\/wp-content\/uploads\/2025\/07\/startbild-banner.jpg","type":"image\/jpeg"}],"twitter_card":"summary_large_image","twitter_misc":{"Gesch\u00e4tzte Lesezeit":"1\u00a0Minute"},"schema":{"@context":"https:\/\/schema.org","@graph":[{"@type":"WebPage","@id":"https:\/\/kfz-werkstatt.visible-web.de\/?page_id=274","url":"https:\/\/kfz-werkstatt.visible-web.de\/?page_id=274","name":"Angebote - Kfz-Meisterbetrieb J\u00f6rg Pilarski","isPartOf":{"@id":"https:\/\/kfz-werkstatt.visible-web.de\/#website"},"primaryImageOfPage":{"@id":"https:\/\/kfz-werkstatt.visible-web.de\/?page_id=274#primaryimage"},"image":{"@id":"https:\/\/kfz-werkstatt.visible-web.de\/?page_id=274#primaryimage"},"thumbnailUrl":"https:\/\/kfz-werkstatt.visible-web.de\/wp-content\/uploads\/2025\/07\/startbild-banner-1024x354.jpg","datePublished":"2025-08-06T12:58:05+00:00","dateModified":"2025-08-12T09:07:45+00:00","breadcrumb":{"@id":"https:\/\/kfz-werkstatt.visible-web.de\/?page_id=274#breadcrumb"},"inLanguage":"de","potentialAction":[{"@type":"ReadAction","target":["https:\/\/kfz-werkstatt.visible-web.de\/?page_id=274"]}]},{"@type":"ImageObject","inLanguage":"de","@id":"https:\/\/kfz-werkstatt.visible-web.de\/?page_id=274#primaryimage","url":"https:\/\/kfz-werkstatt.visible-web.de\/wp-content\/uploads\/2025\/07\/startbild-banner.jpg","contentUrl":"https:\/\/kfz-werkstatt.visible-web.de\/wp-content\/uploads\/2025\/07\/startbild-banner.jpg","width":1920,"height":663},{"@type":"BreadcrumbList","@id":"https:\/\/kfz-werkstatt.visible-web.de\/?page_id=274#breadcrumb","itemListElement":[{"@type":"ListItem","position":1,"name":"Startseite","item":"https:\/\/kfz-werkstatt.visible-web.de\/"},{"@type":"ListItem","position":2,"name":"Angebote"}]},{"@type":"WebSite","@id":"https:\/\/kfz-werkstatt.visible-web.de\/#website","url":"https:\/\/kfz-werkstatt.visible-web.de\/","name":"Kfz-Meisterbetrieb J\u00f6rg Pilarski","description":"","potentialAction":[{"@type":"SearchAction","target":{"@type":"EntryPoint","urlTemplate":"https:\/\/kfz-werkstatt.visible-web.de\/?s={search_term_string}"},"query-input":{"@type":"PropertyValueSpecification","valueRequired":true,"valueName":"search_term_string"}}],"inLanguage":"de"}]}},"_links":{"self":[{"href":"https:\/\/kfz-werkstatt.visible-web.de\/index.php?rest_route=\/wp\/v2\/pages\/274","targetHints":{"allow":["GET"]}}],"collection":[{"href":"https:\/\/kfz-werkstatt.visible-web.de\/index.php?rest_route=\/wp\/v2\/pages"}],"about":[{"href":"https:\/\/kfz-werkstatt.visible-web.de\/index.php?rest_route=\/wp\/v2\/types\/page"}],"author":[{"embeddable":true,"href":"https:\/\/kfz-werkstatt.visible-web.de\/index.php?rest_route=\/wp\/v2\/users\/1"}],"replies":[{"embeddable":true,"href":"https:\/\/kfz-werkstatt.visible-web.de\/index.php?rest_route=%2Fwp%2Fv2%2Fcomments&post=274"}],"version-history":[{"count":19,"href":"https:\/\/kfz-werkstatt.visible-web.de\/index.php?rest_route=\/wp\/v2\/pages\/274\/revisions"}],"predecessor-version":[{"id":527,"href":"https:\/\/kfz-werkstatt.visible-web.de\/index.php?rest_route=\/wp\/v2\/pages\/274\/revisions\/527"}],"wp:attachment":[{"href":"https:\/\/kfz-werkstatt.visible-web.de\/index.php?rest_route=%2Fwp%2Fv2%2Fmedia&parent=274"}],"curies":[{"name":"wp","href":"https:\/\/api.w.org\/{rel}","templated":true}]}}