{"id":338,"date":"2025-08-06T15:23:33","date_gmt":"2025-08-06T13:23:33","guid":{"rendered":"https:\/\/kfz-werkstatt.visible-web.de\/?page_id=338"},"modified":"2026-01-27T16:47:13","modified_gmt":"2026-01-27T15:47:13","slug":"unternehmen","status":"publish","type":"page","link":"https:\/\/kfz-werkstatt.visible-web.de\/?page_id=338","title":{"rendered":"Unternehmen"},"content":{"rendered":"\t\t<div data-elementor-type=\"wp-page\" data-elementor-id=\"338\" class=\"elementor elementor-338\" data-elementor-post-type=\"page\">\n\t\t\t\t<div class=\"elementor-element elementor-element-cc21465 e-flex e-con-boxed e-con e-parent\" data-id=\"cc21465\" data-element_type=\"container\" data-settings=\"{&quot;background_background&quot;:&quot;classic&quot;}\">\n\t\t\t\t\t<div class=\"e-con-inner\">\n\t\t\t\t<div class=\"elementor-element elementor-element-117d639 elementor-widget elementor-widget-heading\" data-id=\"117d639\" data-element_type=\"widget\" data-widget_type=\"heading.default\">\n\t\t\t\t\t<h2 class=\"elementor-heading-title elementor-size-default\">Unser Unternehmen<\/h2>\t\t\t\t<\/div>\n\t\t\t\t\t<\/div>\n\t\t\t\t<\/div>\n\t\t<div class=\"elementor-element elementor-element-b8311ca e-flex e-con-boxed e-con e-parent\" data-id=\"b8311ca\" data-element_type=\"container\" data-settings=\"{&quot;background_background&quot;:&quot;classic&quot;}\">\n\t\t\t\t\t<div class=\"e-con-inner\">\n\t\t<div class=\"elementor-element elementor-element-0a3416e e-con-full e-flex e-con e-child\" data-id=\"0a3416e\" data-element_type=\"container\">\n\t\t<div class=\"elementor-element elementor-element-46c421e e-con-full e-flex e-con e-child\" data-id=\"46c421e\" data-element_type=\"container\">\n\t\t\t\t<div class=\"elementor-element elementor-element-a22f6c7 elementor-widget elementor-widget-heading\" data-id=\"a22f6c7\" data-element_type=\"widget\" data-widget_type=\"heading.default\">\n\t\t\t\t\t<h2 class=\"elementor-heading-title elementor-size-default\">Die Firmengeschichte<\/h2>\t\t\t\t<\/div>\n\t\t\t\t<\/div>\n\t\t\t\t<div class=\"elementor-element elementor-element-75a1261 elementor-widget elementor-widget-text-editor\" data-id=\"75a1261\" data-element_type=\"widget\" data-widget_type=\"text-editor.default\">\n\t\t\t\t\t\t\t\t\t<p>Nach jahrelanger Nebent\u00e4tigkeit als Kfz-Geselle in einem Helmstedter Autohaus wurde nach viel Anstrengung und Mehrfachbelastung durch Weiterbildung, Arbeit, Hobbies und Familie der\u00a0 gro\u00dfe Traum der Selbstst\u00e4ndigkeit doch noch Wirklichkeit.<\/p><p>In Mitten fallender Kurse an den B\u00f6rsen und\u00a0der sich\u00a0entwickelnden Krise durch den Zusammenbruch des \u201eneuen Marktes\u201c war es trotz bester Qualifikation nicht einfach eine Bank zu finden, die eine Existenzgr\u00fcndung, in der auch mit strukturellen Problemen k\u00e4mpfenden Branche, zu finden. Auch viele andere Rahmenbedingungen, wie beh\u00f6rdliche Auflagen und Genehmigungsverfahren stellten viele Steine auf dem Weg in die Selbstst\u00e4ndigkeit dar.<\/p><p>Mit der Abschlusspr\u00fcfung des Kfz-Technikermeisters im Mai 2000 wurden die Anstrengungen jedoch belohnt und der Weg f\u00fcr den Start in die berufliche Unabh\u00e4ngigkeit war geebnet.<\/p><p>Die Volksbank Helmstedt eG sowie die Norddeutsche Landesbank Helmstedt begleiteten Herrn Pilarski parallel zum Besuch der Meisterschule beim Kauf des Gewerbegrundst\u00fcckes und dem Bau der Werkstatt. So entstand im Jahr 2001 der Kfz-Meisterbetrieb mit damals einem Kfz-Meister, zwei Gesellen, einem Auszubildenden und einer B\u00fcroangestellten.<\/p><p>Der Betrieb entwickelte sich aufgrund der N\u00e4he zu den Kunden, dem hohen Engagement des Teams und der regionalen Verbundenheit stetig weiter.<\/p><p>Nach jahrelanger harter Arbeit wurde im Jahr 2011 der n\u00e4chste Meilenstein mit dem Bau einer neuen Lagerhalle f\u00fcr Reifen umgesetzt.<\/p><p>In unserem Betrieb findet jeder ein offenes Ohr f\u00fcr die \u201ekleinen oder gro\u00dfen Sorgen\u201c seines Fahrzeuges.<\/p>\t\t\t\t\t\t\t\t<\/div>\n\t\t\t\t<\/div>\n\t\t\t\t\t<\/div>\n\t\t\t\t<\/div>\n\t\t<div class=\"elementor-element elementor-element-7b0d858 e-flex e-con-boxed e-con e-parent\" data-id=\"7b0d858\" data-element_type=\"container\">\n\t\t\t\t\t<div class=\"e-con-inner\">\n\t\t<div class=\"elementor-element elementor-element-ae096ed e-con-full e-flex e-con e-child\" data-id=\"ae096ed\" data-element_type=\"container\">\n\t\t\t\t<div class=\"elementor-element elementor-element-ef9e127 elementor-widget elementor-widget-image\" data-id=\"ef9e127\" data-element_type=\"widget\" data-widget_type=\"image.default\">\n\t\t\t\t\t\t\t\t\t\t\t\t\t\t\t<img fetchpriority=\"high\" decoding=\"async\" width=\"1024\" height=\"551\" src=\"https:\/\/kfz-werkstatt.visible-web.de\/wp-content\/uploads\/2025\/08\/pi001-1024x551.jpg\" class=\"attachment-large size-large wp-image-577\" alt=\"\" srcset=\"https:\/\/kfz-werkstatt.visible-web.de\/wp-content\/uploads\/2025\/08\/pi001-1024x551.jpg 1024w, https:\/\/kfz-werkstatt.visible-web.de\/wp-content\/uploads\/2025\/08\/pi001-300x162.jpg 300w, https:\/\/kfz-werkstatt.visible-web.de\/wp-content\/uploads\/2025\/08\/pi001-768x414.jpg 768w, https:\/\/kfz-werkstatt.visible-web.de\/wp-content\/uploads\/2025\/08\/pi001-1536x827.jpg 1536w, https:\/\/kfz-werkstatt.visible-web.de\/wp-content\/uploads\/2025\/08\/pi001.jpg 1855w\" sizes=\"(max-width: 1024px) 100vw, 1024px\" \/>\t\t\t\t\t\t\t\t\t\t\t\t\t\t\t<\/div>\n\t\t\t\t<\/div>\n\t\t<div class=\"elementor-element elementor-element-2e2a70d e-con-full e-flex e-con e-child\" data-id=\"2e2a70d\" data-element_type=\"container\">\n\t\t<div class=\"elementor-element elementor-element-099c6d9 e-con-full e-flex e-con e-child\" data-id=\"099c6d9\" data-element_type=\"container\">\n\t\t\t\t<div class=\"elementor-element elementor-element-5f1f633 elementor-widget elementor-widget-heading\" data-id=\"5f1f633\" data-element_type=\"widget\" data-widget_type=\"heading.default\">\n\t\t\t\t\t<h2 class=\"elementor-heading-title elementor-size-default\">Unser Team<\/h2>\t\t\t\t<\/div>\n\t\t\t\t<\/div>\n\t\t\t\t<div class=\"elementor-element elementor-element-9b21b01 elementor-widget elementor-widget-text-editor\" data-id=\"9b21b01\" data-element_type=\"widget\" data-widget_type=\"text-editor.default\">\n\t\t\t\t\t\t\t\t\t<h5>Werkstattbereich:<\/h5><ul><li><em>Kfz-Technikermeister: <\/em><b>J\u00f6rg Pilarski<\/b><\/li><li><em>Kfz-Mechatroniker: <\/em><strong>Marc Hummel<\/strong><\/li><\/ul><h5>Allgemeine Fragen und Terminvergabe :<\/h5><ul><li>Sophie Pilarski<\/li><\/ul><h5>Buchhaltung:<\/h5><ul><li>Claudia Pilarski<\/li><\/ul>\t\t\t\t\t\t\t\t<\/div>\n\t\t\t\t<\/div>\n\t\t\t\t\t<\/div>\n\t\t\t\t<\/div>\n\t\t<div class=\"elementor-element elementor-element-678e649 e-flex e-con-boxed e-con e-parent\" data-id=\"678e649\" data-element_type=\"container\" data-settings=\"{&quot;background_background&quot;:&quot;classic&quot;}\">\n\t\t\t\t\t<div class=\"e-con-inner\">\n\t\t<div class=\"elementor-element elementor-element-e719202 e-con-full e-flex e-con e-child\" data-id=\"e719202\" data-element_type=\"container\">\n\t\t<div class=\"elementor-element elementor-element-674aaa3 e-con-full e-flex e-con e-child\" data-id=\"674aaa3\" data-element_type=\"container\">\n\t\t\t\t<div class=\"elementor-element elementor-element-dc96873 elementor-widget elementor-widget-heading\" data-id=\"dc96873\" data-element_type=\"widget\" data-widget_type=\"heading.default\">\n\t\t\t\t\t<h2 class=\"elementor-heading-title elementor-size-default\">Die Werkstatt<\/h2>\t\t\t\t<\/div>\n\t\t\t\t<\/div>\n\t\t\t\t<div class=\"elementor-element elementor-element-c863666 elementor-widget elementor-widget-text-editor\" data-id=\"c863666\" data-element_type=\"widget\" data-widget_type=\"text-editor.default\">\n\t\t\t\t\t\t\t\t\t<p>Der Kfz-Meisterbetrieb J\u00f6rg Pilarski ist mit vier Hebeb\u00fchnen ausgestattet, an denen die kleineren oder gr\u00f6\u00dferen Sch\u00e4den an Ihrem Fahrzeug behoben werden.<\/p><p>An einem modernen Bremsenpr\u00fcfstand kann die Bremsanlage von Ihrem Fahrzeug \u00fcberpr\u00fcft werden.<\/p><p>Wir sind in der Lage, mit modernster Computertechnik, Fehler z.B. in der Elektrik des Fahrzeuges zu suchen und auch zu beheben.<\/p><p>Viele\u00a0Spezialwerkzeuge stehen allen Mitarbeitern zur Verf\u00fcgung.<\/p><p>\u00a0<\/p><p>Zur Werkstatt geh\u00f6rt auch die im hinteren Bereich des Grundst\u00fcckes erbaute Lagerhalle f\u00fcr die Reifen Ihres Fahrzeuges.<\/p>\t\t\t\t\t\t\t\t<\/div>\n\t\t\t\t<\/div>\n\t\t<div class=\"elementor-element elementor-element-e5c2fb8 e-con-full e-flex e-con e-child\" data-id=\"e5c2fb8\" data-element_type=\"container\">\n\t\t\t\t<div class=\"elementor-element elementor-element-c5efc79 elementor-widget elementor-widget-image\" data-id=\"c5efc79\" data-element_type=\"widget\" data-widget_type=\"image.default\">\n\t\t\t\t\t\t\t\t\t\t\t\t\t\t\t<img decoding=\"async\" width=\"1024\" height=\"688\" src=\"https:\/\/kfz-werkstatt.visible-web.de\/wp-content\/uploads\/2025\/08\/pi003-1024x688.jpg\" class=\"attachment-large size-large wp-image-581\" alt=\"\" srcset=\"https:\/\/kfz-werkstatt.visible-web.de\/wp-content\/uploads\/2025\/08\/pi003-1024x688.jpg 1024w, https:\/\/kfz-werkstatt.visible-web.de\/wp-content\/uploads\/2025\/08\/pi003-300x202.jpg 300w, https:\/\/kfz-werkstatt.visible-web.de\/wp-content\/uploads\/2025\/08\/pi003-768x516.jpg 768w, https:\/\/kfz-werkstatt.visible-web.de\/wp-content\/uploads\/2025\/08\/pi003-1536x1032.jpg 1536w, https:\/\/kfz-werkstatt.visible-web.de\/wp-content\/uploads\/2025\/08\/pi003.jpg 2016w\" sizes=\"(max-width: 1024px) 100vw, 1024px\" \/>\t\t\t\t\t\t\t\t\t\t\t\t\t\t\t<\/div>\n\t\t\t\t<div class=\"elementor-element elementor-element-50af754 elementor-widget elementor-widget-image\" data-id=\"50af754\" data-element_type=\"widget\" data-widget_type=\"image.default\">\n\t\t\t\t\t\t\t\t\t\t\t\t\t\t\t<img decoding=\"async\" width=\"1024\" height=\"768\" src=\"https:\/\/kfz-werkstatt.visible-web.de\/wp-content\/uploads\/2026\/01\/IMG_9543-neu--1024x768.jpg\" class=\"attachment-large size-large wp-image-621\" alt=\"\" srcset=\"https:\/\/kfz-werkstatt.visible-web.de\/wp-content\/uploads\/2026\/01\/IMG_9543-neu--1024x768.jpg 1024w, https:\/\/kfz-werkstatt.visible-web.de\/wp-content\/uploads\/2026\/01\/IMG_9543-neu--300x225.jpg 300w, https:\/\/kfz-werkstatt.visible-web.de\/wp-content\/uploads\/2026\/01\/IMG_9543-neu--768x576.jpg 768w, https:\/\/kfz-werkstatt.visible-web.de\/wp-content\/uploads\/2026\/01\/IMG_9543-neu--1536x1152.jpg 1536w, https:\/\/kfz-werkstatt.visible-web.de\/wp-content\/uploads\/2026\/01\/IMG_9543-neu-.jpg 2016w\" sizes=\"(max-width: 1024px) 100vw, 1024px\" \/>\t\t\t\t\t\t\t\t\t\t\t\t\t\t\t<\/div>\n\t\t\t\t<\/div>\n\t\t\t\t\t<\/div>\n\t\t\t\t<\/div>\n\t\t\t\t<\/div>\n\t\t","protected":false},"excerpt":{"rendered":"<p>Unser Unternehmen Die Firmengeschichte Nach jahrelanger Nebent\u00e4tigkeit als Kfz-Geselle in einem Helmstedter Autohaus wurde nach viel Anstrengung und Mehrfachbelastung durch Weiterbildung, Arbeit, Hobbies und Familie der\u00a0 gro\u00dfe Traum der Selbstst\u00e4ndigkeit doch noch Wirklichkeit. In Mitten fallender Kurse an den B\u00f6rsen und\u00a0der sich\u00a0entwickelnden Krise durch den Zusammenbruch des \u201eneuen Marktes\u201c war es trotz bester Qualifikation nicht [&hellip;]<\/p>\n","protected":false},"author":1,"featured_media":0,"parent":0,"menu_order":0,"comment_status":"closed","ping_status":"closed","template":"templates\/page-fullsize.php","meta":{"footnotes":""},"class_list":["post-338","page","type-page","status-publish","hentry"],"yoast_head":"<!-- This site is optimized with the Yoast SEO plugin v25.4 - https:\/\/yoast.com\/wordpress\/plugins\/seo\/ -->\n<title>Unternehmen - Kfz-Meisterbetrieb J\u00f6rg Pilarski<\/title>\n<meta name=\"robots\" content=\"noindex, follow, max-snippet:-1, max-image-preview:large, max-video-preview:-1\" \/>\n<meta property=\"og:locale\" content=\"de_DE\" \/>\n<meta property=\"og:type\" content=\"article\" \/>\n<meta property=\"og:title\" content=\"Unternehmen - Kfz-Meisterbetrieb J\u00f6rg Pilarski\" \/>\n<meta property=\"og:description\" content=\"Unser Unternehmen Die Firmengeschichte Nach jahrelanger Nebent\u00e4tigkeit als Kfz-Geselle in einem Helmstedter Autohaus wurde nach viel Anstrengung und Mehrfachbelastung durch Weiterbildung, Arbeit, Hobbies und Familie der\u00a0 gro\u00dfe Traum der Selbstst\u00e4ndigkeit doch noch Wirklichkeit. In Mitten fallender Kurse an den B\u00f6rsen und\u00a0der sich\u00a0entwickelnden Krise durch den Zusammenbruch des \u201eneuen Marktes\u201c war es trotz bester Qualifikation nicht [&hellip;]\" \/>\n<meta property=\"og:url\" content=\"https:\/\/kfz-werkstatt.visible-web.de\/?page_id=338\" \/>\n<meta property=\"og:site_name\" content=\"Kfz-Meisterbetrieb J\u00f6rg Pilarski\" \/>\n<meta property=\"article:modified_time\" content=\"2026-01-27T15:47:13+00:00\" \/>\n<meta property=\"og:image\" content=\"https:\/\/kfz-werkstatt.visible-web.de\/wp-content\/uploads\/2025\/08\/pi001.jpg\" \/>\n\t<meta property=\"og:image:width\" content=\"1855\" \/>\n\t<meta property=\"og:image:height\" content=\"999\" \/>\n\t<meta property=\"og:image:type\" content=\"image\/jpeg\" \/>\n<meta name=\"twitter:card\" content=\"summary_large_image\" \/>\n<meta name=\"twitter:label1\" content=\"Gesch\u00e4tzte Lesezeit\" \/>\n\t<meta name=\"twitter:data1\" content=\"2\u00a0Minuten\" \/>\n<script type=\"application\/ld+json\" class=\"yoast-schema-graph\">{\"@context\":\"https:\/\/schema.org\",\"@graph\":[{\"@type\":\"WebPage\",\"@id\":\"https:\/\/kfz-werkstatt.visible-web.de\/?page_id=338\",\"url\":\"https:\/\/kfz-werkstatt.visible-web.de\/?page_id=338\",\"name\":\"Unternehmen - Kfz-Meisterbetrieb J\u00f6rg Pilarski\",\"isPartOf\":{\"@id\":\"https:\/\/kfz-werkstatt.visible-web.de\/#website\"},\"primaryImageOfPage\":{\"@id\":\"https:\/\/kfz-werkstatt.visible-web.de\/?page_id=338#primaryimage\"},\"image\":{\"@id\":\"https:\/\/kfz-werkstatt.visible-web.de\/?page_id=338#primaryimage\"},\"thumbnailUrl\":\"https:\/\/kfz-werkstatt.visible-web.de\/wp-content\/uploads\/2025\/08\/pi001-1024x551.jpg\",\"datePublished\":\"2025-08-06T13:23:33+00:00\",\"dateModified\":\"2026-01-27T15:47:13+00:00\",\"breadcrumb\":{\"@id\":\"https:\/\/kfz-werkstatt.visible-web.de\/?page_id=338#breadcrumb\"},\"inLanguage\":\"de\",\"potentialAction\":[{\"@type\":\"ReadAction\",\"target\":[\"https:\/\/kfz-werkstatt.visible-web.de\/?page_id=338\"]}]},{\"@type\":\"ImageObject\",\"inLanguage\":\"de\",\"@id\":\"https:\/\/kfz-werkstatt.visible-web.de\/?page_id=338#primaryimage\",\"url\":\"https:\/\/kfz-werkstatt.visible-web.de\/wp-content\/uploads\/2025\/08\/pi001.jpg\",\"contentUrl\":\"https:\/\/kfz-werkstatt.visible-web.de\/wp-content\/uploads\/2025\/08\/pi001.jpg\",\"width\":1855,\"height\":999},{\"@type\":\"BreadcrumbList\",\"@id\":\"https:\/\/kfz-werkstatt.visible-web.de\/?page_id=338#breadcrumb\",\"itemListElement\":[{\"@type\":\"ListItem\",\"position\":1,\"name\":\"Startseite\",\"item\":\"https:\/\/kfz-werkstatt.visible-web.de\/\"},{\"@type\":\"ListItem\",\"position\":2,\"name\":\"Unternehmen\"}]},{\"@type\":\"WebSite\",\"@id\":\"https:\/\/kfz-werkstatt.visible-web.de\/#website\",\"url\":\"https:\/\/kfz-werkstatt.visible-web.de\/\",\"name\":\"Kfz-Meisterbetrieb J\u00f6rg Pilarski\",\"description\":\"\",\"potentialAction\":[{\"@type\":\"SearchAction\",\"target\":{\"@type\":\"EntryPoint\",\"urlTemplate\":\"https:\/\/kfz-werkstatt.visible-web.de\/?s={search_term_string}\"},\"query-input\":{\"@type\":\"PropertyValueSpecification\",\"valueRequired\":true,\"valueName\":\"search_term_string\"}}],\"inLanguage\":\"de\"}]}<\/script>\n<!-- \/ Yoast SEO plugin. -->","yoast_head_json":{"title":"Unternehmen - Kfz-Meisterbetrieb J\u00f6rg Pilarski","robots":{"index":"noindex","follow":"follow","max-snippet":"max-snippet:-1","max-image-preview":"max-image-preview:large","max-video-preview":"max-video-preview:-1"},"og_locale":"de_DE","og_type":"article","og_title":"Unternehmen - Kfz-Meisterbetrieb J\u00f6rg Pilarski","og_description":"Unser Unternehmen Die Firmengeschichte Nach jahrelanger Nebent\u00e4tigkeit als Kfz-Geselle in einem Helmstedter Autohaus wurde nach viel Anstrengung und Mehrfachbelastung durch Weiterbildung, Arbeit, Hobbies und Familie der\u00a0 gro\u00dfe Traum der Selbstst\u00e4ndigkeit doch noch Wirklichkeit. In Mitten fallender Kurse an den B\u00f6rsen und\u00a0der sich\u00a0entwickelnden Krise durch den Zusammenbruch des \u201eneuen Marktes\u201c war es trotz bester Qualifikation nicht [&hellip;]","og_url":"https:\/\/kfz-werkstatt.visible-web.de\/?page_id=338","og_site_name":"Kfz-Meisterbetrieb J\u00f6rg Pilarski","article_modified_time":"2026-01-27T15:47:13+00:00","og_image":[{"width":1855,"height":999,"url":"https:\/\/kfz-werkstatt.visible-web.de\/wp-content\/uploads\/2025\/08\/pi001.jpg","type":"image\/jpeg"}],"twitter_card":"summary_large_image","twitter_misc":{"Gesch\u00e4tzte Lesezeit":"2\u00a0Minuten"},"schema":{"@context":"https:\/\/schema.org","@graph":[{"@type":"WebPage","@id":"https:\/\/kfz-werkstatt.visible-web.de\/?page_id=338","url":"https:\/\/kfz-werkstatt.visible-web.de\/?page_id=338","name":"Unternehmen - Kfz-Meisterbetrieb J\u00f6rg Pilarski","isPartOf":{"@id":"https:\/\/kfz-werkstatt.visible-web.de\/#website"},"primaryImageOfPage":{"@id":"https:\/\/kfz-werkstatt.visible-web.de\/?page_id=338#primaryimage"},"image":{"@id":"https:\/\/kfz-werkstatt.visible-web.de\/?page_id=338#primaryimage"},"thumbnailUrl":"https:\/\/kfz-werkstatt.visible-web.de\/wp-content\/uploads\/2025\/08\/pi001-1024x551.jpg","datePublished":"2025-08-06T13:23:33+00:00","dateModified":"2026-01-27T15:47:13+00:00","breadcrumb":{"@id":"https:\/\/kfz-werkstatt.visible-web.de\/?page_id=338#breadcrumb"},"inLanguage":"de","potentialAction":[{"@type":"ReadAction","target":["https:\/\/kfz-werkstatt.visible-web.de\/?page_id=338"]}]},{"@type":"ImageObject","inLanguage":"de","@id":"https:\/\/kfz-werkstatt.visible-web.de\/?page_id=338#primaryimage","url":"https:\/\/kfz-werkstatt.visible-web.de\/wp-content\/uploads\/2025\/08\/pi001.jpg","contentUrl":"https:\/\/kfz-werkstatt.visible-web.de\/wp-content\/uploads\/2025\/08\/pi001.jpg","width":1855,"height":999},{"@type":"BreadcrumbList","@id":"https:\/\/kfz-werkstatt.visible-web.de\/?page_id=338#breadcrumb","itemListElement":[{"@type":"ListItem","position":1,"name":"Startseite","item":"https:\/\/kfz-werkstatt.visible-web.de\/"},{"@type":"ListItem","position":2,"name":"Unternehmen"}]},{"@type":"WebSite","@id":"https:\/\/kfz-werkstatt.visible-web.de\/#website","url":"https:\/\/kfz-werkstatt.visible-web.de\/","name":"Kfz-Meisterbetrieb J\u00f6rg Pilarski","description":"","potentialAction":[{"@type":"SearchAction","target":{"@type":"EntryPoint","urlTemplate":"https:\/\/kfz-werkstatt.visible-web.de\/?s={search_term_string}"},"query-input":{"@type":"PropertyValueSpecification","valueRequired":true,"valueName":"search_term_string"}}],"inLanguage":"de"}]}},"_links":{"self":[{"href":"https:\/\/kfz-werkstatt.visible-web.de\/index.php?rest_route=\/wp\/v2\/pages\/338","targetHints":{"allow":["GET"]}}],"collection":[{"href":"https:\/\/kfz-werkstatt.visible-web.de\/index.php?rest_route=\/wp\/v2\/pages"}],"about":[{"href":"https:\/\/kfz-werkstatt.visible-web.de\/index.php?rest_route=\/wp\/v2\/types\/page"}],"author":[{"embeddable":true,"href":"https:\/\/kfz-werkstatt.visible-web.de\/index.php?rest_route=\/wp\/v2\/users\/1"}],"replies":[{"embeddable":true,"href":"https:\/\/kfz-werkstatt.visible-web.de\/index.php?rest_route=%2Fwp%2Fv2%2Fcomments&post=338"}],"version-history":[{"count":61,"href":"https:\/\/kfz-werkstatt.visible-web.de\/index.php?rest_route=\/wp\/v2\/pages\/338\/revisions"}],"predecessor-version":[{"id":708,"href":"https:\/\/kfz-werkstatt.visible-web.de\/index.php?rest_route=\/wp\/v2\/pages\/338\/revisions\/708"}],"wp:attachment":[{"href":"https:\/\/kfz-werkstatt.visible-web.de\/index.php?rest_route=%2Fwp%2Fv2%2Fmedia&parent=338"}],"curies":[{"name":"wp","href":"https:\/\/api.w.org\/{rel}","templated":true}]}}